{"id":23671,"date":"2024-10-16T20:36:48","date_gmt":"2024-10-17T01:36:48","guid":{"rendered":"https:\/\/www.pictograma.co\/tienda\/?post_type=product&#038;p=23671"},"modified":"2024-10-16T20:47:25","modified_gmt":"2024-10-17T01:47:25","slug":"camiseta-roblox-2018","status":"publish","type":"product","link":"https:\/\/www.pictograma.co\/tienda\/producto\/camiseta-roblox-2018\/","title":{"rendered":"Camiseta Roblox &#8211; 2018"},"content":{"rendered":"<p>Inspirado en el videojuego Roblox<\/p>\n<p>Material<br \/>\n&#8211; Prenda: 100% Algod\u00f3n (algunas prendas pueden contener poli\u00e9ster)<br \/>\n&#8211; Estampado: Vinilo Textil<\/p>\n<p>Materiales de alta calidad<br \/>\nApoyando la industria del pa\u00eds, nuestras prendas son nacionales<br \/>\nServicio de estampado realizado por PICTOGRAMA.CO<\/p>\n<p><strong>Hacemos<\/strong> trabajos <strong>personalizados<\/strong>, escr\u00edbenos para mayor informaci\u00f3n<br \/>\n<strong>Env\u00edos a todo Colombia<\/strong><\/p>\n<p>&nbsp;<\/p>\n<p><img loading=\"lazy\" decoding=\"async\" class=\"aligncenter size-full wp-image-1944\" src=\"https:\/\/www.pictograma.co\/tienda\/wp-content\/uploads\/2023\/06\/Tallas-Camisetas-02w.jpg\" alt=\"\" width=\"959\" height=\"1956\" srcset=\"https:\/\/www.pictograma.co\/tienda\/wp-content\/uploads\/2023\/06\/Tallas-Camisetas-02w.jpg 959w, https:\/\/www.pictograma.co\/tienda\/wp-content\/uploads\/2023\/06\/Tallas-Camisetas-02w-147x300.jpg 147w, https:\/\/www.pictograma.co\/tienda\/wp-content\/uploads\/2023\/06\/Tallas-Camisetas-02w-502x1024.jpg 502w, https:\/\/www.pictograma.co\/tienda\/wp-content\/uploads\/2023\/06\/Tallas-Camisetas-02w-768x1566.jpg 768w, https:\/\/www.pictograma.co\/tienda\/wp-content\/uploads\/2023\/06\/Tallas-Camisetas-02w-753x1536.jpg 753w, https:\/\/www.pictograma.co\/tienda\/wp-content\/uploads\/2023\/06\/Tallas-Camisetas-02w-600x1224.jpg 600w\" sizes=\"auto, (max-width: 959px) 100vw, 959px\" \/><\/p>\n","protected":false},"excerpt":{"rendered":"<p>Inspirado en el videojuego Roblox<\/p>\n<ul>\n<li><span style=\"font-size: 16px;\">Prenda: 100% Algod\u00f3n (algunas prendas pueden contener poli\u00e9ster)<\/span><\/li>\n<li>Estampado: Vinilo Textil<\/li>\n<li>Env\u00edos a todo Colombia<\/li>\n<\/ul>\n<p>Materiales de alta calidad<\/p>\n","protected":false},"featured_media":23706,"comment_status":"open","ping_status":"closed","template":"","meta":{"_uag_custom_page_level_css":"","site-sidebar-layout":"default","site-content-layout":"content-boxed-container","ast-site-content-layout":"normal-width-container","site-content-style":"boxed","site-sidebar-style":"unboxed","ast-global-header-display":"","ast-banner-title-visibility":"","ast-main-header-display":"","ast-hfb-above-header-display":"","ast-hfb-below-header-display":"","ast-hfb-mobile-header-display":"","site-post-title":"","ast-breadcrumbs-content":"","ast-featured-img":"","footer-sml-layout":"","ast-disable-related-posts":"","theme-transparent-header-meta":"default","adv-header-id-meta":"","stick-header-meta":"","header-above-stick-meta":"","header-main-stick-meta":"","header-below-stick-meta":"","astra-migrate-meta-layouts":"set","ast-page-background-enabled":"default","ast-page-background-meta":{"desktop":{"background-color":"var(--ast-global-color-4)","background-image":"","background-repeat":"repeat","background-position":"center center","background-size":"auto","background-attachment":"scroll","background-type":"","background-media":"","overlay-type":"","overlay-color":"","overlay-opacity":"","overlay-gradient":""},"tablet":{"background-color":"","background-image":"","background-repeat":"repeat","background-position":"center center","background-size":"auto","background-attachment":"scroll","background-type":"","background-media":"","overlay-type":"","overlay-color":"","overlay-opacity":"","overlay-gradient":""},"mobile":{"background-color":"","background-image":"","background-repeat":"repeat","background-position":"center center","background-size":"auto","background-attachment":"scroll","background-type":"","background-media":"","overlay-type":"","overlay-color":"","overlay-opacity":"","overlay-gradient":""}},"ast-content-background-meta":{"desktop":{"background-color":"var(--ast-global-color-5)","background-image":"","background-repeat":"repeat","background-position":"center center","background-size":"auto","background-attachment":"scroll","background-type":"","background-media":"","overlay-type":"","overlay-color":"","overlay-opacity":"","overlay-gradient":""},"tablet":{"background-color":"var(--ast-global-color-5)","background-image":"","background-repeat":"repeat","background-position":"center center","background-size":"auto","background-attachment":"scroll","background-type":"","background-media":"","overlay-type":"","overlay-color":"","overlay-opacity":"","overlay-gradient":""},"mobile":{"background-color":"var(--ast-global-color-5)","background-image":"","background-repeat":"repeat","background-position":"center center","background-size":"auto","background-attachment":"scroll","background-type":"","background-media":"","overlay-type":"","overlay-color":"","overlay-opacity":"","overlay-gradient":""}}},"product_brand":[],"product_cat":[28,150,36],"product_tag":[115,98],"class_list":{"0":"post-23671","1":"product","2":"type-product","3":"status-publish","4":"has-post-thumbnail","6":"product_cat-camisetas","7":"product_cat-productos","8":"product_cat-camisetas-videojuegos","9":"product_tag-camiseta","10":"product_tag-videojuegos","11":"desktop-align-left","12":"tablet-align-left","13":"mobile-align-left","15":"first","16":"instock","17":"shipping-taxable","18":"purchasable","19":"product-type-variable"},"uagb_featured_image_src":{"full":["https:\/\/www.pictograma.co\/tienda\/wp-content\/uploads\/2024\/10\/Roblox-2018-n-T-Shirt-Male-Front.jpg",2000,2000,false],"thumbnail":["https:\/\/www.pictograma.co\/tienda\/wp-content\/uploads\/2024\/10\/Roblox-2018-n-T-Shirt-Male-Front-150x150.jpg",150,150,true],"medium":["https:\/\/www.pictograma.co\/tienda\/wp-content\/uploads\/2024\/10\/Roblox-2018-n-T-Shirt-Male-Front-300x300.jpg",300,300,true],"medium_large":["https:\/\/www.pictograma.co\/tienda\/wp-content\/uploads\/2024\/10\/Roblox-2018-n-T-Shirt-Male-Front-768x768.jpg",768,768,true],"large":["https:\/\/www.pictograma.co\/tienda\/wp-content\/uploads\/2024\/10\/Roblox-2018-n-T-Shirt-Male-Front-1024x1024.jpg",1024,1024,true],"1536x1536":["https:\/\/www.pictograma.co\/tienda\/wp-content\/uploads\/2024\/10\/Roblox-2018-n-T-Shirt-Male-Front-1536x1536.jpg",1536,1536,true],"2048x2048":["https:\/\/www.pictograma.co\/tienda\/wp-content\/uploads\/2024\/10\/Roblox-2018-n-T-Shirt-Male-Front.jpg",2000,2000,false],"mailpoet_newsletter_max":["https:\/\/www.pictograma.co\/tienda\/wp-content\/uploads\/2024\/10\/Roblox-2018-n-T-Shirt-Male-Front-1320x1320.jpg",1320,1320,true],"woocommerce_thumbnail":["https:\/\/www.pictograma.co\/tienda\/wp-content\/uploads\/2024\/10\/Roblox-2018-n-T-Shirt-Male-Front-300x300.jpg",300,300,true],"woocommerce_single":["https:\/\/www.pictograma.co\/tienda\/wp-content\/uploads\/2024\/10\/Roblox-2018-n-T-Shirt-Male-Front-600x600.jpg",600,600,true],"woocommerce_gallery_thumbnail":["https:\/\/www.pictograma.co\/tienda\/wp-content\/uploads\/2024\/10\/Roblox-2018-n-T-Shirt-Male-Front-100x100.jpg",100,100,true]},"uagb_author_info":{"display_name":"admin","author_link":"https:\/\/www.pictograma.co\/tienda\/author\/"},"uagb_comment_info":0,"uagb_excerpt":"Inspirado en el videojuego Roblox Prenda: 100% Algod\u00f3n (algunas prendas pueden contener poli\u00e9ster) Estampado: Vinilo Textil Env\u00edos a todo Colombia Materiales de alta calidad","jetpack_sharing_enabled":true,"_links":{"self":[{"href":"https:\/\/www.pictograma.co\/tienda\/wp-json\/wp\/v2\/product\/23671","targetHints":{"allow":["GET"]}}],"collection":[{"href":"https:\/\/www.pictograma.co\/tienda\/wp-json\/wp\/v2\/product"}],"about":[{"href":"https:\/\/www.pictograma.co\/tienda\/wp-json\/wp\/v2\/types\/product"}],"replies":[{"embeddable":true,"href":"https:\/\/www.pictograma.co\/tienda\/wp-json\/wp\/v2\/comments?post=23671"}],"wp:featuredmedia":[{"embeddable":true,"href":"https:\/\/www.pictograma.co\/tienda\/wp-json\/wp\/v2\/media\/23706"}],"wp:attachment":[{"href":"https:\/\/www.pictograma.co\/tienda\/wp-json\/wp\/v2\/media?parent=23671"}],"wp:term":[{"taxonomy":"product_brand","embeddable":true,"href":"https:\/\/www.pictograma.co\/tienda\/wp-json\/wp\/v2\/product_brand?post=23671"},{"taxonomy":"product_cat","embeddable":true,"href":"https:\/\/www.pictograma.co\/tienda\/wp-json\/wp\/v2\/product_cat?post=23671"},{"taxonomy":"product_tag","embeddable":true,"href":"https:\/\/www.pictograma.co\/tienda\/wp-json\/wp\/v2\/product_tag?post=23671"}],"curies":[{"name":"wp","href":"https:\/\/api.w.org\/{rel}","templated":true}]}}